{"id":54,"date":"2021-04-24T18:06:31","date_gmt":"2021-04-24T16:06:31","guid":{"rendered":"https:\/\/parkettebibi.ch\/?page_id=54"},"modified":"2021-04-30T15:52:26","modified_gmt":"2021-04-30T13:52:26","slug":"home","status":"publish","type":"page","link":"https:\/\/parkettebibi.ch\/","title":{"rendered":"Home"},"content":{"rendered":"\t\t<div data-elementor-type=\"wp-page\" data-elementor-id=\"54\" class=\"elementor elementor-54\">\n\t\t\t\t\t\t<section class=\"elementor-section elementor-top-section elementor-element elementor-element-a57b60d elementor-section-full_width elementor-section-height-default elementor-section-height-default\" data-id=\"a57b60d\" data-element_type=\"section\" data-e-type=\"section\">\n\t\t\t\t\t\t<div class=\"elementor-container elementor-column-gap-default\">\n\t\t\t\t\t<div class=\"elementor-column elementor-col-100 elementor-top-column elementor-element elementor-element-bc80c00\" data-id=\"bc80c00\" data-element_type=\"column\" data-e-type=\"column\">\n\t\t\t<div class=\"elementor-widget-wrap elementor-element-populated\">\n\t\t\t\t\t\t<div class=\"elementor-element elementor-element-f721c6e elementor--h-position-center elementor--v-position-middle elementor-arrows-position-inside elementor-pagination-position-inside elementor-widget elementor-widget-slides\" data-id=\"f721c6e\" data-element_type=\"widget\" data-e-type=\"widget\" data-settings=\"{&quot;navigation&quot;:&quot;both&quot;,&quot;autoplay&quot;:&quot;yes&quot;,&quot;pause_on_hover&quot;:&quot;yes&quot;,&quot;pause_on_interaction&quot;:&quot;yes&quot;,&quot;autoplay_speed&quot;:5000,&quot;infinite&quot;:&quot;yes&quot;,&quot;transition&quot;:&quot;slide&quot;,&quot;transition_speed&quot;:500}\" data-widget_type=\"slides.default\">\n\t\t\t\t<div class=\"elementor-widget-container\">\n\t\t\t\t\t\t\t<div class=\"elementor-swiper\">\n\t\t\t<div class=\"elementor-slides-wrapper elementor-main-swiper swiper-container\" dir=\"ltr\" data-animation=\"fadeInUp\">\n\t\t\t\t<div class=\"swiper-wrapper elementor-slides\">\n\t\t\t\t\t<div class=\"elementor-repeater-item-fddd067 swiper-slide\"><div class=\"swiper-slide-bg elementor-ken-burns elementor-ken-burns--out\"><\/div><div class=\"elementor-background-overlay\"><\/div><a class=\"swiper-slide-inner\" href=\"https:\/\/parkettebibi.ch\/index.php\/kontakt\/\"><div class=\"swiper-slide-contents\"><div class=\"elementor-slide-heading\">Herzlich Willkommen Auf Unserer Webseite<\/div><div class=\"elementor-slide-description\">Gerne nehmen wir uns Zeit f\u00fcr Sie!<\/div><div  class=\"elementor-button elementor-slide-button elementor-size-sm\">Jetzt Offerte Anfordern<\/div><\/div><\/a><\/div><div class=\"elementor-repeater-item-b532917 swiper-slide\"><div class=\"swiper-slide-bg elementor-ken-burns elementor-ken-burns--in\"><\/div><div class=\"elementor-background-overlay\"><\/div><a class=\"swiper-slide-inner\" href=\"https:\/\/parkettebibi.ch\/index.php\/kontakt\/\"><div class=\"swiper-slide-contents\"><div class=\"elementor-slide-heading\">Bodenleger mit \u00fcber 20 Jahren Erfahrung<\/div><div class=\"elementor-slide-description\">Seit \u00fcber 20 Jahre f\u00fcr Sie in den Ganzen Schweiz unterwegs<\/div><div  class=\"elementor-button elementor-slide-button elementor-size-sm\">Kontakt Formular<\/div><\/div><\/a><\/div><div class=\"elementor-repeater-item-7923446 swiper-slide\"><div class=\"swiper-slide-bg elementor-ken-burns elementor-ken-burns--in\"><\/div><div class=\"elementor-background-overlay\"><\/div><a class=\"swiper-slide-inner\" href=\"https:\/\/parkettebibi.ch\/index.php\/kontakt\/\"><div class=\"swiper-slide-contents\"><div class=\"elementor-slide-heading\">Profesionelle Service und Beratung<\/div><div class=\"elementor-slide-description\">Kundenzufriedenheit ist unser oberstes Ziel<\/div><div  class=\"elementor-button elementor-slide-button elementor-size-sm\">Kontaktieren Sie uns<\/div><\/div><\/a><\/div><div class=\"elementor-repeater-item-161817b swiper-slide\"><div class=\"swiper-slide-bg elementor-ken-burns elementor-ken-burns--in\"><\/div><div class=\"elementor-background-overlay\"><\/div><a class=\"swiper-slide-inner\" href=\"https:\/\/parkettebibi.ch\/index.php\/kontakt\/\"><div class=\"swiper-slide-contents\"><div class=\"elementor-slide-heading\">Verlegeservice<\/div><div class=\"elementor-slide-description\">Egal ob Parallel, Fischgr\u00e4t, Englisch, oder Kl\u00f6tzli Parkett.<\/div><div  class=\"elementor-button elementor-slide-button elementor-size-sm\">Testen Sie uns<\/div><\/div><\/a><\/div><div class=\"elementor-repeater-item-af57b97 swiper-slide\"><div class=\"swiper-slide-bg elementor-ken-burns elementor-ken-burns--in\"><\/div><div class=\"elementor-background-overlay\"><\/div><a class=\"swiper-slide-inner\" href=\"https:\/\/parkettebibi.ch\/index.php\/kontakt\/\"><div class=\"swiper-slide-contents\"><div class=\"elementor-slide-heading\">Oberfl\u00e4chenbehandlung<\/div><div class=\"elementor-slide-description\">schleifen, versiegeln oder \u00d6len<\/div><div  class=\"elementor-button elementor-slide-button elementor-size-sm\">Testen Sie uns<\/div><\/div><\/a><\/div>\t\t\t\t<\/div>\n\t\t\t\t\t\t\t\t\t\t\t\t\t\t\t<div class=\"swiper-pagination\"><\/div>\n\t\t\t\t\t\t\t\t\t\t\t\t\t\t\t\t<div class=\"elementor-swiper-button elementor-swiper-button-prev\">\n\t\t\t\t\t\t\t<i class=\"eicon-chevron-left\" aria-hidden=\"true\"><\/i>\n\t\t\t\t\t\t\t<span class=\"elementor-screen-only\">Previous<\/span>\n\t\t\t\t\t\t<\/div>\n\t\t\t\t\t\t<div class=\"elementor-swiper-button elementor-swiper-button-next\">\n\t\t\t\t\t\t\t<i class=\"eicon-chevron-right\" aria-hidden=\"true\"><\/i>\n\t\t\t\t\t\t\t<span class=\"elementor-screen-only\">Next<\/span>\n\t\t\t\t\t\t<\/div>\n\t\t\t\t\t\t\t\t\t\t\t\t<\/div>\n\t\t<\/div>\n\t\t\t\t\t\t<\/div>\n\t\t\t\t<\/div>\n\t\t\t\t\t<\/div>\n\t\t<\/div>\n\t\t\t\t\t<\/div>\n\t\t<\/section>\n\t\t\t\t<section class=\"elementor-section elementor-top-section elementor-element elementor-element-7446042 elementor-section-boxed elementor-section-height-default elementor-section-height-default\" data-id=\"7446042\" data-element_type=\"section\" data-e-type=\"section\">\n\t\t\t\t\t\t<div class=\"elementor-container elementor-column-gap-default\">\n\t\t\t\t\t<div class=\"elementor-column elementor-col-100 elementor-top-column elementor-element elementor-element-b33cb23\" data-id=\"b33cb23\" data-element_type=\"column\" data-e-type=\"column\">\n\t\t\t<div class=\"elementor-widget-wrap elementor-element-populated\">\n\t\t\t\t\t\t<div class=\"elementor-element elementor-element-4797a90 elementor-widget-divider--view-line elementor-widget elementor-widget-divider\" data-id=\"4797a90\" data-element_type=\"widget\" data-e-type=\"widget\" data-widget_type=\"divider.default\">\n\t\t\t\t<div class=\"elementor-widget-container\">\n\t\t\t\t\t\t\t<div class=\"elementor-divider\">\n\t\t\t<span class=\"elementor-divider-separator\">\n\t\t\t\t\t\t<\/span>\n\t\t<\/div>\n\t\t\t\t\t\t<\/div>\n\t\t\t\t<\/div>\n\t\t\t\t\t<\/div>\n\t\t<\/div>\n\t\t\t\t\t<\/div>\n\t\t<\/section>\n\t\t\t\t<section class=\"elementor-section elementor-top-section elementor-element elementor-element-ca78c85 elementor-section-boxed elementor-section-height-default elementor-section-height-default\" data-id=\"ca78c85\" data-element_type=\"section\" data-e-type=\"section\">\n\t\t\t\t\t\t<div class=\"elementor-container elementor-column-gap-default\">\n\t\t\t\t\t<div class=\"elementor-column elementor-col-100 elementor-top-column elementor-element elementor-element-e4ace20\" data-id=\"e4ace20\" data-element_type=\"column\" data-e-type=\"column\">\n\t\t\t<div class=\"elementor-widget-wrap elementor-element-populated\">\n\t\t\t\t\t\t<div class=\"elementor-element elementor-element-d8ca1fe elementor-blockquote--skin-border elementor-blockquote--button-color-official elementor-widget elementor-widget-blockquote\" data-id=\"d8ca1fe\" data-element_type=\"widget\" data-e-type=\"widget\" data-widget_type=\"blockquote.default\">\n\t\t\t\t<div class=\"elementor-widget-container\">\n\t\t\t\t\t\t\t<blockquote class=\"elementor-blockquote\">\n\t\t\t<p class=\"elementor-blockquote__content\">\n\t\t\t\tWir bedanken uns bei Ihnen, dass Sie uns Besucht haben. Wir bieten eine grosse Auswahl an Bodenbel\u00e4ge, f\u00fcr Jedes Geschmack und Jedes Budget. Unsere Ziel ist die Kundschaft seri\u00f6s und Kompetent zu beraten. Dank der Qualit\u00e4t unserer Arbeiten d\u00fcrfen Wir auf wiederkehrenden Auftr\u00e4ge von Liegenschaftenverwaltungen, Architekten, Firmen sowie Privat Kunden z\u00e4hlen. \t\t\t<\/p>\n\t\t\t\t\t\t\t<footer>\n\t\t\t\t\t\t\t\t\t\t\t<cite class=\"elementor-blockquote__author\">Ebib Ebibi <\/cite>\n\t\t\t\t\t\t\t\t\t\t\t\t\t\t<\/footer>\n\t\t\t\t\t<\/blockquote>\n\t\t\t\t\t\t<\/div>\n\t\t\t\t<\/div>\n\t\t\t\t\t<\/div>\n\t\t<\/div>\n\t\t\t\t\t<\/div>\n\t\t<\/section>\n\t\t\t\t<section class=\"elementor-section elementor-top-section elementor-element elementor-element-74a1eb7 elementor-section-boxed elementor-section-height-default elementor-section-height-default\" data-id=\"74a1eb7\" data-element_type=\"section\" data-e-type=\"section\">\n\t\t\t\t\t\t<div class=\"elementor-container elementor-column-gap-default\">\n\t\t\t\t\t<div class=\"elementor-column elementor-col-100 elementor-top-column elementor-element elementor-element-4ea9d6d\" data-id=\"4ea9d6d\" data-element_type=\"column\" data-e-type=\"column\">\n\t\t\t<div class=\"elementor-widget-wrap elementor-element-populated\">\n\t\t\t\t\t\t<div class=\"elementor-element elementor-element-737b449 elementor-widget-divider--view-line elementor-widget elementor-widget-divider\" data-id=\"737b449\" data-element_type=\"widget\" data-e-type=\"widget\" data-widget_type=\"divider.default\">\n\t\t\t\t<div class=\"elementor-widget-container\">\n\t\t\t\t\t\t\t<div class=\"elementor-divider\">\n\t\t\t<span class=\"elementor-divider-separator\">\n\t\t\t\t\t\t<\/span>\n\t\t<\/div>\n\t\t\t\t\t\t<\/div>\n\t\t\t\t<\/div>\n\t\t\t\t\t<\/div>\n\t\t<\/div>\n\t\t\t\t\t<\/div>\n\t\t<\/section>\n\t\t\t\t<section class=\"elementor-section elementor-top-section elementor-element elementor-element-eb87efa elementor-section-boxed elementor-section-height-default elementor-section-height-default\" data-id=\"eb87efa\" data-element_type=\"section\" data-e-type=\"section\">\n\t\t\t\t\t\t<div class=\"elementor-container elementor-column-gap-default\">\n\t\t\t\t\t<div class=\"elementor-column elementor-col-100 elementor-top-column elementor-element elementor-element-1e34830\" data-id=\"1e34830\" data-element_type=\"column\" data-e-type=\"column\">\n\t\t\t<div class=\"elementor-widget-wrap elementor-element-populated\">\n\t\t\t\t\t\t<div class=\"elementor-element elementor-element-a9fe9eb elementor-widget elementor-widget-heading\" data-id=\"a9fe9eb\" data-element_type=\"widget\" data-e-type=\"widget\" data-widget_type=\"heading.default\">\n\t\t\t\t<div class=\"elementor-widget-container\">\n\t\t\t\t\t<h2 class=\"elementor-heading-title elementor-size-default\">Dienstleistungen<\/h2>\t\t\t\t<\/div>\n\t\t\t\t<\/div>\n\t\t\t\t\t<\/div>\n\t\t<\/div>\n\t\t\t\t\t<\/div>\n\t\t<\/section>\n\t\t\t\t<section class=\"elementor-section elementor-top-section elementor-element elementor-element-5d36491 elementor-section-boxed elementor-section-height-default elementor-section-height-default\" data-id=\"5d36491\" data-element_type=\"section\" data-e-type=\"section\">\n\t\t\t\t\t\t<div class=\"elementor-container elementor-column-gap-default\">\n\t\t\t\t\t<div class=\"elementor-column elementor-col-25 elementor-top-column elementor-element elementor-element-243c823\" data-id=\"243c823\" data-element_type=\"column\" data-e-type=\"column\">\n\t\t\t<div class=\"elementor-widget-wrap elementor-element-populated\">\n\t\t\t\t\t\t<div class=\"elementor-element elementor-element-7e9a6a8 elementor-widget elementor-widget-image\" data-id=\"7e9a6a8\" data-element_type=\"widget\" data-e-type=\"widget\" data-widget_type=\"image.default\">\n\t\t\t\t<div class=\"elementor-widget-container\">\n\t\t\t\t\t\t\t\t\t\t\t\t<figure class=\"wp-caption\">\n\t\t\t\t\t\t\t\t\t\t\t<a href=\"https:\/\/parkettebibi.ch\/index.php\/parkett\/\">\n\t\t\t\t\t\t\t<img fetchpriority=\"high\" decoding=\"async\" width=\"300\" height=\"200\" src=\"https:\/\/parkettebibi.ch\/wp-content\/uploads\/2021\/04\/Depositphotos_57268601_xl-2015-1-300x200.jpg\" class=\"attachment-medium size-medium wp-image-188\" alt=\"\" srcset=\"https:\/\/parkettebibi.ch\/wp-content\/uploads\/2021\/04\/Depositphotos_57268601_xl-2015-1-300x200.jpg 300w, https:\/\/parkettebibi.ch\/wp-content\/uploads\/2021\/04\/Depositphotos_57268601_xl-2015-1-1024x683.jpg 1024w, https:\/\/parkettebibi.ch\/wp-content\/uploads\/2021\/04\/Depositphotos_57268601_xl-2015-1-768x512.jpg 768w, https:\/\/parkettebibi.ch\/wp-content\/uploads\/2021\/04\/Depositphotos_57268601_xl-2015-1-1536x1024.jpg 1536w, https:\/\/parkettebibi.ch\/wp-content\/uploads\/2021\/04\/Depositphotos_57268601_xl-2015-1-2048x1365.jpg 2048w\" sizes=\"(max-width: 300px) 100vw, 300px\" \/>\t\t\t\t\t\t\t\t<\/a>\n\t\t\t\t\t\t\t\t\t\t\t<figcaption class=\"widget-image-caption wp-caption-text\">Parkett<\/figcaption>\n\t\t\t\t\t\t\t\t\t\t<\/figure>\n\t\t\t\t\t\t\t\t\t<\/div>\n\t\t\t\t<\/div>\n\t\t\t\t\t<\/div>\n\t\t<\/div>\n\t\t\t\t<div class=\"elementor-column elementor-col-25 elementor-top-column elementor-element elementor-element-f7cc931\" data-id=\"f7cc931\" data-element_type=\"column\" data-e-type=\"column\">\n\t\t\t<div class=\"elementor-widget-wrap elementor-element-populated\">\n\t\t\t\t\t\t<div class=\"elementor-element elementor-element-1478988 elementor-widget elementor-widget-image\" data-id=\"1478988\" data-element_type=\"widget\" data-e-type=\"widget\" data-widget_type=\"image.default\">\n\t\t\t\t<div class=\"elementor-widget-container\">\n\t\t\t\t\t\t\t\t\t\t\t\t<figure class=\"wp-caption\">\n\t\t\t\t\t\t\t\t\t\t\t<a href=\"https:\/\/parkettebibi.ch\/index.php\/laminat\/\">\n\t\t\t\t\t\t\t<img decoding=\"async\" width=\"300\" height=\"198\" src=\"https:\/\/parkettebibi.ch\/wp-content\/uploads\/2021\/04\/Depositphotos_176952992_xl-2015-300x198.jpg\" class=\"attachment-medium size-medium wp-image-189\" alt=\"\" srcset=\"https:\/\/parkettebibi.ch\/wp-content\/uploads\/2021\/04\/Depositphotos_176952992_xl-2015-300x198.jpg 300w, https:\/\/parkettebibi.ch\/wp-content\/uploads\/2021\/04\/Depositphotos_176952992_xl-2015-1024x675.jpg 1024w, https:\/\/parkettebibi.ch\/wp-content\/uploads\/2021\/04\/Depositphotos_176952992_xl-2015-768x507.jpg 768w, https:\/\/parkettebibi.ch\/wp-content\/uploads\/2021\/04\/Depositphotos_176952992_xl-2015-1536x1013.jpg 1536w, https:\/\/parkettebibi.ch\/wp-content\/uploads\/2021\/04\/Depositphotos_176952992_xl-2015-2048x1351.jpg 2048w\" sizes=\"(max-width: 300px) 100vw, 300px\" \/>\t\t\t\t\t\t\t\t<\/a>\n\t\t\t\t\t\t\t\t\t\t\t<figcaption class=\"widget-image-caption wp-caption-text\">Laminat<\/figcaption>\n\t\t\t\t\t\t\t\t\t\t<\/figure>\n\t\t\t\t\t\t\t\t\t<\/div>\n\t\t\t\t<\/div>\n\t\t\t\t\t<\/div>\n\t\t<\/div>\n\t\t\t\t<div class=\"elementor-column elementor-col-25 elementor-top-column elementor-element elementor-element-cf47903\" data-id=\"cf47903\" data-element_type=\"column\" data-e-type=\"column\">\n\t\t\t<div class=\"elementor-widget-wrap elementor-element-populated\">\n\t\t\t\t\t\t<div class=\"elementor-element elementor-element-63f2334 elementor-widget elementor-widget-image\" data-id=\"63f2334\" data-element_type=\"widget\" data-e-type=\"widget\" data-widget_type=\"image.default\">\n\t\t\t\t<div class=\"elementor-widget-container\">\n\t\t\t\t\t\t\t\t\t\t\t\t<figure class=\"wp-caption\">\n\t\t\t\t\t\t\t\t\t\t\t<a href=\"https:\/\/parkettebibi.ch\/index.php\/vinyl\/\">\n\t\t\t\t\t\t\t<img decoding=\"async\" width=\"300\" height=\"200\" src=\"https:\/\/parkettebibi.ch\/wp-content\/uploads\/2021\/04\/Depositphotos_57965821_xl-2015-300x200.jpg\" class=\"attachment-medium size-medium wp-image-187\" alt=\"\" srcset=\"https:\/\/parkettebibi.ch\/wp-content\/uploads\/2021\/04\/Depositphotos_57965821_xl-2015-300x200.jpg 300w, https:\/\/parkettebibi.ch\/wp-content\/uploads\/2021\/04\/Depositphotos_57965821_xl-2015-1024x683.jpg 1024w, https:\/\/parkettebibi.ch\/wp-content\/uploads\/2021\/04\/Depositphotos_57965821_xl-2015-768x512.jpg 768w, https:\/\/parkettebibi.ch\/wp-content\/uploads\/2021\/04\/Depositphotos_57965821_xl-2015-1536x1024.jpg 1536w, https:\/\/parkettebibi.ch\/wp-content\/uploads\/2021\/04\/Depositphotos_57965821_xl-2015-2048x1365.jpg 2048w\" sizes=\"(max-width: 300px) 100vw, 300px\" \/>\t\t\t\t\t\t\t\t<\/a>\n\t\t\t\t\t\t\t\t\t\t\t<figcaption class=\"widget-image-caption wp-caption-text\">Vinyl<\/figcaption>\n\t\t\t\t\t\t\t\t\t\t<\/figure>\n\t\t\t\t\t\t\t\t\t<\/div>\n\t\t\t\t<\/div>\n\t\t\t\t\t<\/div>\n\t\t<\/div>\n\t\t\t\t<div class=\"elementor-column elementor-col-25 elementor-top-column elementor-element elementor-element-f24eb59\" data-id=\"f24eb59\" data-element_type=\"column\" data-e-type=\"column\">\n\t\t\t<div class=\"elementor-widget-wrap elementor-element-populated\">\n\t\t\t\t\t\t<div class=\"elementor-element elementor-element-9df3ae8 elementor-widget elementor-widget-image\" data-id=\"9df3ae8\" data-element_type=\"widget\" data-e-type=\"widget\" data-widget_type=\"image.default\">\n\t\t\t\t<div class=\"elementor-widget-container\">\n\t\t\t\t\t\t\t\t\t\t\t\t<figure class=\"wp-caption\">\n\t\t\t\t\t\t\t\t\t\t\t<a href=\"https:\/\/parkettebibi.ch\/index.php\/linoleum\/\">\n\t\t\t\t\t\t\t<img loading=\"lazy\" decoding=\"async\" width=\"300\" height=\"193\" src=\"https:\/\/parkettebibi.ch\/wp-content\/uploads\/2021\/04\/Depositphotos_180470548_xl-2015-300x193.jpg\" class=\"attachment-medium size-medium wp-image-326\" alt=\"\" srcset=\"https:\/\/parkettebibi.ch\/wp-content\/uploads\/2021\/04\/Depositphotos_180470548_xl-2015-300x193.jpg 300w, https:\/\/parkettebibi.ch\/wp-content\/uploads\/2021\/04\/Depositphotos_180470548_xl-2015-1024x657.jpg 1024w, https:\/\/parkettebibi.ch\/wp-content\/uploads\/2021\/04\/Depositphotos_180470548_xl-2015-768x493.jpg 768w, https:\/\/parkettebibi.ch\/wp-content\/uploads\/2021\/04\/Depositphotos_180470548_xl-2015-1536x986.jpg 1536w, https:\/\/parkettebibi.ch\/wp-content\/uploads\/2021\/04\/Depositphotos_180470548_xl-2015-2048x1314.jpg 2048w\" sizes=\"(max-width: 300px) 100vw, 300px\" \/>\t\t\t\t\t\t\t\t<\/a>\n\t\t\t\t\t\t\t\t\t\t\t<figcaption class=\"widget-image-caption wp-caption-text\">Linoleum<\/figcaption>\n\t\t\t\t\t\t\t\t\t\t<\/figure>\n\t\t\t\t\t\t\t\t\t<\/div>\n\t\t\t\t<\/div>\n\t\t\t\t\t<\/div>\n\t\t<\/div>\n\t\t\t\t\t<\/div>\n\t\t<\/section>\n\t\t\t\t<\/div>\n\t\t","protected":false},"excerpt":{"rendered":"<p>Herzlich Willkommen Auf Unserer WebseiteGerne nehmen wir uns Zeit f\u00fcr Sie!Jetzt Offerte AnfordernBodenleger mit \u00fcber 20 Jahren ErfahrungSeit \u00fcber 20 Jahre f\u00fcr Sie in den Ganzen Schweiz unterwegsKontakt FormularProfesionelle Service und BeratungKundenzufriedenheit ist unser oberstes ZielKontaktieren Sie unsVerlegeserviceEgal ob Parallel, Fischgr\u00e4t, Englisch, oder Kl\u00f6tzli Parkett.Testen Sie unsOberfl\u00e4chenbehandlungschleifen, versiegeln oder \u00d6lenTesten Sie uns Previous Next Wir [&hellip;]<\/p>\n","protected":false},"author":1,"featured_media":0,"parent":0,"menu_order":0,"comment_status":"closed","ping_status":"closed","template":"","meta":{"site-sidebar-layout":"no-sidebar","site-content-layout":"page-builder","ast-site-content-layout":"default","site-content-style":"default","site-sidebar-style":"default","ast-global-header-display":"","ast-banner-title-visibility":"","ast-main-header-display":"","ast-hfb-above-header-display":"","ast-hfb-below-header-display":"","ast-hfb-mobile-header-display":"","site-post-title":"disabled","ast-breadcrumbs-content":"","ast-featured-img":"disabled","footer-sml-layout":"","ast-disable-related-posts":"","theme-transparent-header-meta":"default","adv-header-id-meta":"","stick-header-meta":"","header-above-stick-meta":"","header-main-stick-meta":"","header-below-stick-meta":"","astra-migrate-meta-layouts":"default","ast-page-background-enabled":"default","ast-page-background-meta":{"desktop":{"background-color":"","background-image":"","background-repeat":"repeat","background-position":"center center","background-size":"auto","background-attachment":"scroll","background-type":"","background-media":"","overlay-type":"","overlay-color":"","overlay-opacity":"","overlay-gradient":""},"tablet":{"background-color":"","background-image":"","background-repeat":"repeat","background-position":"center center","background-size":"auto","background-attachment":"scroll","background-type":"","background-media":"","overlay-type":"","overlay-color":"","overlay-opacity":"","overlay-gradient":""},"mobile":{"background-color":"","background-image":"","background-repeat":"repeat","background-position":"center center","background-size":"auto","background-attachment":"scroll","background-type":"","background-media":"","overlay-type":"","overlay-color":"","overlay-opacity":"","overlay-gradient":""}},"ast-content-background-meta":{"desktop":{"background-color":"var(--ast-global-color-5)","background-image":"","background-repeat":"repeat","background-position":"center center","background-size":"auto","background-attachment":"scroll","background-type":"","background-media":"","overlay-type":"","overlay-color":"","overlay-opacity":"","overlay-gradient":""},"tablet":{"background-color":"var(--ast-global-color-5)","background-image":"","background-repeat":"repeat","background-position":"center center","background-size":"auto","background-attachment":"scroll","background-type":"","background-media":"","overlay-type":"","overlay-color":"","overlay-opacity":"","overlay-gradient":""},"mobile":{"background-color":"var(--ast-global-color-5)","background-image":"","background-repeat":"repeat","background-position":"center center","background-size":"auto","background-attachment":"scroll","background-type":"","background-media":"","overlay-type":"","overlay-color":"","overlay-opacity":"","overlay-gradient":""}},"footnotes":""},"class_list":["post-54","page","type-page","status-publish","hentry"],"_links":{"self":[{"href":"https:\/\/parkettebibi.ch\/index.php\/wp-json\/wp\/v2\/pages\/54","targetHints":{"allow":["GET"]}}],"collection":[{"href":"https:\/\/parkettebibi.ch\/index.php\/wp-json\/wp\/v2\/pages"}],"about":[{"href":"https:\/\/parkettebibi.ch\/index.php\/wp-json\/wp\/v2\/types\/page"}],"author":[{"embeddable":true,"href":"https:\/\/parkettebibi.ch\/index.php\/wp-json\/wp\/v2\/users\/1"}],"replies":[{"embeddable":true,"href":"https:\/\/parkettebibi.ch\/index.php\/wp-json\/wp\/v2\/comments?post=54"}],"version-history":[{"count":109,"href":"https:\/\/parkettebibi.ch\/index.php\/wp-json\/wp\/v2\/pages\/54\/revisions"}],"predecessor-version":[{"id":470,"href":"https:\/\/parkettebibi.ch\/index.php\/wp-json\/wp\/v2\/pages\/54\/revisions\/470"}],"wp:attachment":[{"href":"https:\/\/parkettebibi.ch\/index.php\/wp-json\/wp\/v2\/media?parent=54"}],"curies":[{"name":"wp","href":"https:\/\/api.w.org\/{rel}","templated":true}]}}