{"id":83,"date":"2021-04-25T08:40:02","date_gmt":"2021-04-25T06:40:02","guid":{"rendered":"https:\/\/parkettebibi.ch\/?page_id=83"},"modified":"2021-04-30T15:44:21","modified_gmt":"2021-04-30T13:44:21","slug":"linoleum","status":"publish","type":"page","link":"https:\/\/parkettebibi.ch\/index.php\/linoleum\/","title":{"rendered":"Linoleum"},"content":{"rendered":"\t\t<div data-elementor-type=\"wp-page\" data-elementor-id=\"83\" class=\"elementor elementor-83\">\n\t\t\t\t\t\t<section class=\"elementor-section elementor-top-section elementor-element elementor-element-3aa11fa elementor-section-boxed elementor-section-height-default elementor-section-height-default\" data-id=\"3aa11fa\" data-element_type=\"section\" data-e-type=\"section\">\n\t\t\t\t\t\t<div class=\"elementor-container elementor-column-gap-default\">\n\t\t\t\t\t<div class=\"elementor-column elementor-col-100 elementor-top-column elementor-element elementor-element-e10a8bf\" data-id=\"e10a8bf\" data-element_type=\"column\" data-e-type=\"column\">\n\t\t\t<div class=\"elementor-widget-wrap elementor-element-populated\">\n\t\t\t\t\t\t<div class=\"elementor-element elementor-element-3b371ae elementor-widget elementor-widget-spacer\" data-id=\"3b371ae\" data-element_type=\"widget\" data-e-type=\"widget\" data-widget_type=\"spacer.default\">\n\t\t\t\t<div class=\"elementor-widget-container\">\n\t\t\t\t\t\t\t<div class=\"elementor-spacer\">\n\t\t\t<div class=\"elementor-spacer-inner\"><\/div>\n\t\t<\/div>\n\t\t\t\t\t\t<\/div>\n\t\t\t\t<\/div>\n\t\t\t\t\t<\/div>\n\t\t<\/div>\n\t\t\t\t\t<\/div>\n\t\t<\/section>\n\t\t\t\t<section class=\"elementor-section elementor-top-section elementor-element elementor-element-946731e elementor-section-boxed elementor-section-height-default elementor-section-height-default\" data-id=\"946731e\" data-element_type=\"section\" data-e-type=\"section\">\n\t\t\t\t\t\t<div class=\"elementor-container elementor-column-gap-default\">\n\t\t\t\t\t<div class=\"elementor-column elementor-col-100 elementor-top-column elementor-element elementor-element-d984d83\" data-id=\"d984d83\" data-element_type=\"column\" data-e-type=\"column\">\n\t\t\t<div class=\"elementor-widget-wrap elementor-element-populated\">\n\t\t\t\t\t\t<div class=\"elementor-element elementor-element-53c9348 elementor-widget elementor-widget-heading\" data-id=\"53c9348\" data-element_type=\"widget\" data-e-type=\"widget\" data-widget_type=\"heading.default\">\n\t\t\t\t<div class=\"elementor-widget-container\">\n\t\t\t\t\t<h2 class=\"elementor-heading-title elementor-size-default\">Linoleum<\/h2>\t\t\t\t<\/div>\n\t\t\t\t<\/div>\n\t\t\t\t\t<\/div>\n\t\t<\/div>\n\t\t\t\t\t<\/div>\n\t\t<\/section>\n\t\t\t\t<section class=\"elementor-section elementor-top-section elementor-element elementor-element-0415b2e elementor-section-boxed elementor-section-height-default elementor-section-height-default\" data-id=\"0415b2e\" data-element_type=\"section\" data-e-type=\"section\">\n\t\t\t\t\t\t<div class=\"elementor-container elementor-column-gap-default\">\n\t\t\t\t\t<div class=\"elementor-column elementor-col-100 elementor-top-column elementor-element elementor-element-7171614\" data-id=\"7171614\" data-element_type=\"column\" data-e-type=\"column\">\n\t\t\t<div class=\"elementor-widget-wrap elementor-element-populated\">\n\t\t\t\t\t\t<div class=\"elementor-element elementor-element-dfaf527 elementor-widget-divider--view-line elementor-widget elementor-widget-divider\" data-id=\"dfaf527\" data-element_type=\"widget\" data-e-type=\"widget\" data-widget_type=\"divider.default\">\n\t\t\t\t<div class=\"elementor-widget-container\">\n\t\t\t\t\t\t\t<div class=\"elementor-divider\">\n\t\t\t<span class=\"elementor-divider-separator\">\n\t\t\t\t\t\t<\/span>\n\t\t<\/div>\n\t\t\t\t\t\t<\/div>\n\t\t\t\t<\/div>\n\t\t\t\t\t<\/div>\n\t\t<\/div>\n\t\t\t\t\t<\/div>\n\t\t<\/section>\n\t\t\t\t<section class=\"elementor-section elementor-top-section elementor-element elementor-element-ff32c98 elementor-section-boxed elementor-section-height-default elementor-section-height-default\" data-id=\"ff32c98\" data-element_type=\"section\" data-e-type=\"section\">\n\t\t\t\t\t\t<div class=\"elementor-container elementor-column-gap-default\">\n\t\t\t\t\t<div class=\"elementor-column elementor-col-100 elementor-top-column elementor-element elementor-element-1c1c3dc\" data-id=\"1c1c3dc\" data-element_type=\"column\" data-e-type=\"column\">\n\t\t\t<div class=\"elementor-widget-wrap elementor-element-populated\">\n\t\t\t\t\t\t<div class=\"elementor-element elementor-element-279f74c elementor-widget elementor-widget-text-editor\" data-id=\"279f74c\" data-element_type=\"widget\" data-e-type=\"widget\" data-widget_type=\"text-editor.default\">\n\t\t\t\t<div class=\"elementor-widget-container\">\n\t\t\t\t\t\t\t\t\t<p><strong>Nachhaltigkeit, Authentizit\u00e4t und Vielseitigkeit<\/strong> sind die entscheidenden Faktoren f\u00fcr die lange Erfolgsgeschichte von Linoleum, die mittlerweile eine stolze Tradition von 150 Jahren aufweist. 1863 von Frederick Walton erfunden, konnte sich der bis heute umweltfreundlichste elastische Bodenbelag seine Rezeptur bewahren. Nach wie vor wird Linoleum-Bahnenware bis zu 98% aus nat\u00fcrlichen Rohstoffen hergestellt (Lein\u00f6l, Naturharze, Holz- und Kalksteinmehl, Jute sowie \u00f6kologisch unbedenkliche Farbpigmente), kommt ohne chemische Zusatzstoffe aus und ist heute eine feste Gr\u00f6\u00dfe unter den Objektbel\u00e4gen und die klare Nr. 1 aus \u00f6kologischer und \u00f6konomischer Sicht. Die Rohstoffe binden bereits w\u00e4hrend Ihres Wachstums durch Fotosynthese das Treibhausgas CO<sub>2<\/sub> und bilden damit einen aktiven Beitrag zum Klimaschutz.<\/p><div class=\"toggle\"><div id=\"content-box-0-content\" class=\"more\"><p>\u00a0<\/p><\/div><\/div>\t\t\t\t\t\t\t\t<\/div>\n\t\t\t\t<\/div>\n\t\t\t\t\t<\/div>\n\t\t<\/div>\n\t\t\t\t\t<\/div>\n\t\t<\/section>\n\t\t\t\t<section class=\"elementor-section elementor-top-section elementor-element elementor-element-db804c7 elementor-section-boxed elementor-section-height-default elementor-section-height-default\" data-id=\"db804c7\" data-element_type=\"section\" data-e-type=\"section\">\n\t\t\t\t\t\t<div class=\"elementor-container elementor-column-gap-default\">\n\t\t\t\t\t<div class=\"elementor-column elementor-col-100 elementor-top-column elementor-element elementor-element-595f037\" data-id=\"595f037\" data-element_type=\"column\" data-e-type=\"column\">\n\t\t\t<div class=\"elementor-widget-wrap elementor-element-populated\">\n\t\t\t\t\t\t<div class=\"elementor-element elementor-element-c51a7ab elementor-widget-divider--view-line elementor-widget elementor-widget-divider\" data-id=\"c51a7ab\" data-element_type=\"widget\" data-e-type=\"widget\" data-widget_type=\"divider.default\">\n\t\t\t\t<div class=\"elementor-widget-container\">\n\t\t\t\t\t\t\t<div class=\"elementor-divider\">\n\t\t\t<span class=\"elementor-divider-separator\">\n\t\t\t\t\t\t<\/span>\n\t\t<\/div>\n\t\t\t\t\t\t<\/div>\n\t\t\t\t<\/div>\n\t\t\t\t\t<\/div>\n\t\t<\/div>\n\t\t\t\t\t<\/div>\n\t\t<\/section>\n\t\t\t\t<section class=\"elementor-section elementor-top-section elementor-element elementor-element-087c5c3 elementor-section-boxed elementor-section-height-default elementor-section-height-default\" data-id=\"087c5c3\" data-element_type=\"section\" data-e-type=\"section\">\n\t\t\t\t\t\t<div class=\"elementor-container elementor-column-gap-default\">\n\t\t\t\t\t<div class=\"elementor-column elementor-col-100 elementor-top-column elementor-element elementor-element-b1bd7cd\" data-id=\"b1bd7cd\" data-element_type=\"column\" data-e-type=\"column\">\n\t\t\t<div class=\"elementor-widget-wrap elementor-element-populated\">\n\t\t\t\t\t\t<div class=\"elementor-element elementor-element-b26bf82 elementor-widget elementor-widget-heading\" data-id=\"b26bf82\" data-element_type=\"widget\" data-e-type=\"widget\" data-widget_type=\"heading.default\">\n\t\t\t\t<div class=\"elementor-widget-container\">\n\t\t\t\t\t<h2 class=\"elementor-heading-title elementor-size-default\">Die Vorteile vom Linoleum<\/h2>\t\t\t\t<\/div>\n\t\t\t\t<\/div>\n\t\t\t\t\t<\/div>\n\t\t<\/div>\n\t\t\t\t\t<\/div>\n\t\t<\/section>\n\t\t\t\t<section class=\"elementor-section elementor-top-section elementor-element elementor-element-6ed1b21 elementor-section-boxed elementor-section-height-default elementor-section-height-default\" data-id=\"6ed1b21\" data-element_type=\"section\" data-e-type=\"section\">\n\t\t\t\t\t\t<div class=\"elementor-container elementor-column-gap-default\">\n\t\t\t\t\t<div class=\"elementor-column elementor-col-100 elementor-top-column elementor-element elementor-element-a65e611\" data-id=\"a65e611\" data-element_type=\"column\" data-e-type=\"column\">\n\t\t\t<div class=\"elementor-widget-wrap elementor-element-populated\">\n\t\t\t\t\t\t<div class=\"elementor-element elementor-element-d65d596 elementor-widget elementor-widget-text-editor\" data-id=\"d65d596\" data-element_type=\"widget\" data-e-type=\"widget\" data-widget_type=\"text-editor.default\">\n\t\t\t\t<div class=\"elementor-widget-container\">\n\t\t\t\t\t\t\t\t\t<p>Es ist die besondere Rezeptur, die Linoleum so einzigartig macht. Dieser Bodenbelag aus nachwachsenden Rohstoffen \u2013 Lein\u00f6l, Naturharze, Kalkstein- und Holzmehl sowie Jute und Farbpigmente &#8211; erf\u00fcllt nicht nur alle Anforderungen an \u00f6kologisch unbedenkliche Bauprodukte, er vereint auch eine F\u00fclle von hervorragenden Gebrauchseigenschaften: Linoleum ist verschlei\u00dffest, lange haltbar und pflegeleicht, angenehm fu\u00dfwarm, schalld\u00e4mmend, trittelastisch, permanent antistatisch, schwer entflammbar, stuhlrollen- und fu\u00dfbodenheizungsgeeignet.<\/p><p>Neben der \u00f6kologischen Vertr\u00e4glichkeit bietet Linoleum vor allem im Hinblick auf hygienische und gesundheitliche Aspekte wichtige Vorteile: Der hohe Lein\u00f6lanteil in Kombination mit den weiteren nat\u00fcrlichen Bestandteilen verleiht dem Produkt nat\u00fcrliche bakteriostatische Eigenschaften. Diese verhindern die Vermehrung von Mikroorganismen und Bakterien und f\u00f6rdern auf nat\u00fcrliche Weise Hygiene. Durch die einfache Reinigung und Pflege k\u00f6nnen Staub und Schmutz problemlos und effizient entfernt werden. Daher werden Linoleumb\u00f6den auch f\u00fcr Allergiker empfohlen.<\/p>\t\t\t\t\t\t\t\t<\/div>\n\t\t\t\t<\/div>\n\t\t\t\t\t<\/div>\n\t\t<\/div>\n\t\t\t\t\t<\/div>\n\t\t<\/section>\n\t\t\t\t<\/div>\n\t\t","protected":false},"excerpt":{"rendered":"<p>Linoleum Nachhaltigkeit, Authentizit\u00e4t und Vielseitigkeit sind die entscheidenden Faktoren f\u00fcr die lange Erfolgsgeschichte von Linoleum, die mittlerweile eine stolze Tradition von 150 Jahren aufweist. 1863 von Frederick Walton erfunden, konnte sich der bis heute umweltfreundlichste elastische Bodenbelag seine Rezeptur bewahren. Nach wie vor wird Linoleum-Bahnenware bis zu 98% aus nat\u00fcrlichen Rohstoffen hergestellt (Lein\u00f6l, Naturharze, Holz- [&hellip;]<\/p>\n","protected":false},"author":1,"featured_media":0,"parent":0,"menu_order":0,"comment_status":"closed","ping_status":"closed","template":"","meta":{"site-sidebar-layout":"no-sidebar","site-content-layout":"page-builder","ast-site-content-layout":"default","site-content-style":"default","site-sidebar-style":"default","ast-global-header-display":"","ast-banner-title-visibility":"","ast-main-header-display":"","ast-hfb-above-header-display":"","ast-hfb-below-header-display":"","ast-hfb-mobile-header-display":"","site-post-title":"disabled","ast-breadcrumbs-content":"","ast-featured-img":"disabled","footer-sml-layout":"","ast-disable-related-posts":"","theme-transparent-header-meta":"default","adv-header-id-meta":"","stick-header-meta":"","header-above-stick-meta":"","header-main-stick-meta":"","header-below-stick-meta":"","astra-migrate-meta-layouts":"default","ast-page-background-enabled":"default","ast-page-background-meta":{"desktop":{"background-color":"","background-image":"","background-repeat":"repeat","background-position":"center center","background-size":"auto","background-attachment":"scroll","background-type":"","background-media":"","overlay-type":"","overlay-color":"","overlay-opacity":"","overlay-gradient":""},"tablet":{"background-color":"","background-image":"","background-repeat":"repeat","background-position":"center center","background-size":"auto","background-attachment":"scroll","background-type":"","background-media":"","overlay-type":"","overlay-color":"","overlay-opacity":"","overlay-gradient":""},"mobile":{"background-color":"","background-image":"","background-repeat":"repeat","background-position":"center center","background-size":"auto","background-attachment":"scroll","background-type":"","background-media":"","overlay-type":"","overlay-color":"","overlay-opacity":"","overlay-gradient":""}},"ast-content-background-meta":{"desktop":{"background-color":"var(--ast-global-color-5)","background-image":"","background-repeat":"repeat","background-position":"center center","background-size":"auto","background-attachment":"scroll","background-type":"","background-media":"","overlay-type":"","overlay-color":"","overlay-opacity":"","overlay-gradient":""},"tablet":{"background-color":"var(--ast-global-color-5)","background-image":"","background-repeat":"repeat","background-position":"center center","background-size":"auto","background-attachment":"scroll","background-type":"","background-media":"","overlay-type":"","overlay-color":"","overlay-opacity":"","overlay-gradient":""},"mobile":{"background-color":"var(--ast-global-color-5)","background-image":"","background-repeat":"repeat","background-position":"center center","background-size":"auto","background-attachment":"scroll","background-type":"","background-media":"","overlay-type":"","overlay-color":"","overlay-opacity":"","overlay-gradient":""}},"footnotes":""},"class_list":["post-83","page","type-page","status-publish","hentry"],"_links":{"self":[{"href":"https:\/\/parkettebibi.ch\/index.php\/wp-json\/wp\/v2\/pages\/83","targetHints":{"allow":["GET"]}}],"collection":[{"href":"https:\/\/parkettebibi.ch\/index.php\/wp-json\/wp\/v2\/pages"}],"about":[{"href":"https:\/\/parkettebibi.ch\/index.php\/wp-json\/wp\/v2\/types\/page"}],"author":[{"embeddable":true,"href":"https:\/\/parkettebibi.ch\/index.php\/wp-json\/wp\/v2\/users\/1"}],"replies":[{"embeddable":true,"href":"https:\/\/parkettebibi.ch\/index.php\/wp-json\/wp\/v2\/comments?post=83"}],"version-history":[{"count":13,"href":"https:\/\/parkettebibi.ch\/index.php\/wp-json\/wp\/v2\/pages\/83\/revisions"}],"predecessor-version":[{"id":452,"href":"https:\/\/parkettebibi.ch\/index.php\/wp-json\/wp\/v2\/pages\/83\/revisions\/452"}],"wp:attachment":[{"href":"https:\/\/parkettebibi.ch\/index.php\/wp-json\/wp\/v2\/media?parent=83"}],"curies":[{"name":"wp","href":"https:\/\/api.w.org\/{rel}","templated":true}]}}