{"id":91,"date":"2021-04-25T08:41:58","date_gmt":"2021-04-25T06:41:58","guid":{"rendered":"https:\/\/parkettebibi.ch\/?page_id=91"},"modified":"2021-04-30T14:38:58","modified_gmt":"2021-04-30T12:38:58","slug":"verlegenarten","status":"publish","type":"page","link":"https:\/\/parkettebibi.ch\/index.php\/verlegenarten\/","title":{"rendered":"Verlegenarten"},"content":{"rendered":"\t\t<div data-elementor-type=\"wp-page\" data-elementor-id=\"91\" class=\"elementor elementor-91\">\n\t\t\t\t\t\t<section class=\"elementor-section elementor-top-section elementor-element elementor-element-84f057c elementor-section-boxed elementor-section-height-default elementor-section-height-default\" data-id=\"84f057c\" data-element_type=\"section\" data-e-type=\"section\">\n\t\t\t\t\t\t<div class=\"elementor-container elementor-column-gap-default\">\n\t\t\t\t\t<div class=\"elementor-column elementor-col-100 elementor-top-column elementor-element elementor-element-17a4390\" data-id=\"17a4390\" data-element_type=\"column\" data-e-type=\"column\">\n\t\t\t<div class=\"elementor-widget-wrap elementor-element-populated\">\n\t\t\t\t\t\t<div class=\"elementor-element elementor-element-728f128 elementor-widget elementor-widget-spacer\" data-id=\"728f128\" data-element_type=\"widget\" data-e-type=\"widget\" data-widget_type=\"spacer.default\">\n\t\t\t\t<div class=\"elementor-widget-container\">\n\t\t\t\t\t\t\t<div class=\"elementor-spacer\">\n\t\t\t<div class=\"elementor-spacer-inner\"><\/div>\n\t\t<\/div>\n\t\t\t\t\t\t<\/div>\n\t\t\t\t<\/div>\n\t\t\t\t\t<\/div>\n\t\t<\/div>\n\t\t\t\t\t<\/div>\n\t\t<\/section>\n\t\t\t\t<section class=\"elementor-section elementor-top-section elementor-element elementor-element-49fa096 elementor-section-boxed elementor-section-height-default elementor-section-height-default\" data-id=\"49fa096\" data-element_type=\"section\" data-e-type=\"section\">\n\t\t\t\t\t\t<div class=\"elementor-container elementor-column-gap-default\">\n\t\t\t\t\t<div class=\"elementor-column elementor-col-100 elementor-top-column elementor-element elementor-element-74120f0\" data-id=\"74120f0\" data-element_type=\"column\" data-e-type=\"column\">\n\t\t\t<div class=\"elementor-widget-wrap elementor-element-populated\">\n\t\t\t\t\t\t<div class=\"elementor-element elementor-element-1810377 elementor-widget elementor-widget-heading\" data-id=\"1810377\" data-element_type=\"widget\" data-e-type=\"widget\" data-widget_type=\"heading.default\">\n\t\t\t\t<div class=\"elementor-widget-container\">\n\t\t\t\t\t<h2 class=\"elementor-heading-title elementor-size-default\">Entscheiden Sie die \u00c4sthetik des Holzfussboden<\/h2>\t\t\t\t<\/div>\n\t\t\t\t<\/div>\n\t\t\t\t\t<\/div>\n\t\t<\/div>\n\t\t\t\t\t<\/div>\n\t\t<\/section>\n\t\t\t\t<section class=\"elementor-section elementor-top-section elementor-element elementor-element-417599b elementor-section-boxed elementor-section-height-default elementor-section-height-default\" data-id=\"417599b\" data-element_type=\"section\" data-e-type=\"section\">\n\t\t\t\t\t\t<div class=\"elementor-container elementor-column-gap-default\">\n\t\t\t\t\t<div class=\"elementor-column elementor-col-100 elementor-top-column elementor-element elementor-element-07a623e\" data-id=\"07a623e\" data-element_type=\"column\" data-e-type=\"column\">\n\t\t\t<div class=\"elementor-widget-wrap elementor-element-populated\">\n\t\t\t\t\t\t<div class=\"elementor-element elementor-element-6f3452d elementor-widget-divider--view-line elementor-widget elementor-widget-divider\" data-id=\"6f3452d\" data-element_type=\"widget\" data-e-type=\"widget\" data-widget_type=\"divider.default\">\n\t\t\t\t<div class=\"elementor-widget-container\">\n\t\t\t\t\t\t\t<div class=\"elementor-divider\">\n\t\t\t<span class=\"elementor-divider-separator\">\n\t\t\t\t\t\t<\/span>\n\t\t<\/div>\n\t\t\t\t\t\t<\/div>\n\t\t\t\t<\/div>\n\t\t\t\t\t<\/div>\n\t\t<\/div>\n\t\t\t\t\t<\/div>\n\t\t<\/section>\n\t\t\t\t<section class=\"elementor-section elementor-top-section elementor-element elementor-element-aef333c elementor-section-boxed elementor-section-height-default elementor-section-height-default\" data-id=\"aef333c\" data-element_type=\"section\" data-e-type=\"section\">\n\t\t\t\t\t\t<div class=\"elementor-container elementor-column-gap-default\">\n\t\t\t\t\t<div class=\"elementor-column elementor-col-66 elementor-top-column elementor-element elementor-element-bbf7805\" data-id=\"bbf7805\" data-element_type=\"column\" data-e-type=\"column\">\n\t\t\t<div class=\"elementor-widget-wrap elementor-element-populated\">\n\t\t\t\t\t\t<section class=\"elementor-section elementor-inner-section elementor-element elementor-element-16e8c7a elementor-section-boxed elementor-section-height-default elementor-section-height-default\" data-id=\"16e8c7a\" data-element_type=\"section\" data-e-type=\"section\">\n\t\t\t\t\t\t<div class=\"elementor-container elementor-column-gap-default\">\n\t\t\t\t\t<div class=\"elementor-column elementor-col-100 elementor-inner-column elementor-element elementor-element-d48e259\" data-id=\"d48e259\" data-element_type=\"column\" data-e-type=\"column\">\n\t\t\t<div class=\"elementor-widget-wrap elementor-element-populated\">\n\t\t\t\t\t\t<div class=\"elementor-element elementor-element-c09ae72 elementor-widget elementor-widget-text-editor\" data-id=\"c09ae72\" data-element_type=\"widget\" data-e-type=\"widget\" data-widget_type=\"text-editor.default\">\n\t\t\t\t<div class=\"elementor-widget-container\">\n\t\t\t\t\t\t\t\t\t<p>Das\u00a0<strong>W\u00fcrfel-Muster<\/strong>\u00a0bezeichnet man auch als W\u00fcrfelverband oder Tafelmuster. Man f\u00fcgt zun\u00e4chst mehrere Parkettst\u00e4be zu Quadraten zusammen, diese verlegt man waagerecht und senkrecht, immer abwechselnd. Auch hier bietet sich die Verwendung verschiedener Holzarten an.<\/p>\t\t\t\t\t\t\t\t<\/div>\n\t\t\t\t<\/div>\n\t\t\t\t\t<\/div>\n\t\t<\/div>\n\t\t\t\t\t<\/div>\n\t\t<\/section>\n\t\t\t\t\t<\/div>\n\t\t<\/div>\n\t\t\t\t<div class=\"elementor-column elementor-col-33 elementor-top-column elementor-element elementor-element-13b120f\" data-id=\"13b120f\" data-element_type=\"column\" data-e-type=\"column\">\n\t\t\t<div class=\"elementor-widget-wrap elementor-element-populated\">\n\t\t\t\t\t\t<div class=\"elementor-element elementor-element-5ce8357 elementor-widget elementor-widget-image\" data-id=\"5ce8357\" data-element_type=\"widget\" data-e-type=\"widget\" data-widget_type=\"image.default\">\n\t\t\t\t<div class=\"elementor-widget-container\">\n\t\t\t\t\t\t\t\t\t\t\t\t\t\t\t<img fetchpriority=\"high\" decoding=\"async\" width=\"300\" height=\"197\" src=\"https:\/\/parkettebibi.ch\/wp-content\/uploads\/2021\/04\/531958_PA_Stab-allegro-Eiche-Trend-naturaLin-plus_07-300x197.jpg\" class=\"attachment-medium size-medium wp-image-249\" alt=\"\" srcset=\"https:\/\/parkettebibi.ch\/wp-content\/uploads\/2021\/04\/531958_PA_Stab-allegro-Eiche-Trend-naturaLin-plus_07-300x197.jpg 300w, https:\/\/parkettebibi.ch\/wp-content\/uploads\/2021\/04\/531958_PA_Stab-allegro-Eiche-Trend-naturaLin-plus_07-1024x672.jpg 1024w, https:\/\/parkettebibi.ch\/wp-content\/uploads\/2021\/04\/531958_PA_Stab-allegro-Eiche-Trend-naturaLin-plus_07-768x504.jpg 768w, https:\/\/parkettebibi.ch\/wp-content\/uploads\/2021\/04\/531958_PA_Stab-allegro-Eiche-Trend-naturaLin-plus_07-1536x1008.jpg 1536w, https:\/\/parkettebibi.ch\/wp-content\/uploads\/2021\/04\/531958_PA_Stab-allegro-Eiche-Trend-naturaLin-plus_07-2048x1344.jpg 2048w\" sizes=\"(max-width: 300px) 100vw, 300px\" \/>\t\t\t\t\t\t\t\t\t\t\t\t\t\t\t<\/div>\n\t\t\t\t<\/div>\n\t\t\t\t\t<\/div>\n\t\t<\/div>\n\t\t\t\t\t<\/div>\n\t\t<\/section>\n\t\t\t\t<section class=\"elementor-section elementor-top-section elementor-element elementor-element-625357a elementor-section-boxed elementor-section-height-default elementor-section-height-default\" data-id=\"625357a\" data-element_type=\"section\" data-e-type=\"section\">\n\t\t\t\t\t\t<div class=\"elementor-container elementor-column-gap-default\">\n\t\t\t\t\t<div class=\"elementor-column elementor-col-100 elementor-top-column elementor-element elementor-element-9acfb30\" data-id=\"9acfb30\" data-element_type=\"column\" data-e-type=\"column\">\n\t\t\t<div class=\"elementor-widget-wrap elementor-element-populated\">\n\t\t\t\t\t\t<div class=\"elementor-element elementor-element-4abc6c4 elementor-widget-divider--view-line elementor-widget elementor-widget-divider\" data-id=\"4abc6c4\" data-element_type=\"widget\" data-e-type=\"widget\" data-widget_type=\"divider.default\">\n\t\t\t\t<div class=\"elementor-widget-container\">\n\t\t\t\t\t\t\t<div class=\"elementor-divider\">\n\t\t\t<span class=\"elementor-divider-separator\">\n\t\t\t\t\t\t<\/span>\n\t\t<\/div>\n\t\t\t\t\t\t<\/div>\n\t\t\t\t<\/div>\n\t\t\t\t\t<\/div>\n\t\t<\/div>\n\t\t\t\t\t<\/div>\n\t\t<\/section>\n\t\t\t\t<section class=\"elementor-section elementor-top-section elementor-element elementor-element-47cf787 elementor-section-boxed elementor-section-height-default elementor-section-height-default\" data-id=\"47cf787\" data-element_type=\"section\" data-e-type=\"section\">\n\t\t\t\t\t\t<div class=\"elementor-container elementor-column-gap-default\">\n\t\t\t\t\t<div class=\"elementor-column elementor-col-33 elementor-top-column elementor-element elementor-element-3810b08\" data-id=\"3810b08\" data-element_type=\"column\" data-e-type=\"column\">\n\t\t\t<div class=\"elementor-widget-wrap elementor-element-populated\">\n\t\t\t\t\t\t<div class=\"elementor-element elementor-element-601fc98 elementor-widget elementor-widget-image\" data-id=\"601fc98\" data-element_type=\"widget\" data-e-type=\"widget\" data-widget_type=\"image.default\">\n\t\t\t\t<div class=\"elementor-widget-container\">\n\t\t\t\t\t\t\t\t\t\t\t\t\t\t\t<img decoding=\"async\" width=\"300\" height=\"197\" src=\"https:\/\/parkettebibi.ch\/wp-content\/uploads\/2021\/04\/531958_PA_Stab-Allegro-Eiche-Trend_Parallelverband-300x197.jpg\" class=\"attachment-medium size-medium wp-image-250\" alt=\"\" srcset=\"https:\/\/parkettebibi.ch\/wp-content\/uploads\/2021\/04\/531958_PA_Stab-Allegro-Eiche-Trend_Parallelverband-300x197.jpg 300w, https:\/\/parkettebibi.ch\/wp-content\/uploads\/2021\/04\/531958_PA_Stab-Allegro-Eiche-Trend_Parallelverband-1024x672.jpg 1024w, https:\/\/parkettebibi.ch\/wp-content\/uploads\/2021\/04\/531958_PA_Stab-Allegro-Eiche-Trend_Parallelverband-768x504.jpg 768w, https:\/\/parkettebibi.ch\/wp-content\/uploads\/2021\/04\/531958_PA_Stab-Allegro-Eiche-Trend_Parallelverband-1536x1008.jpg 1536w, https:\/\/parkettebibi.ch\/wp-content\/uploads\/2021\/04\/531958_PA_Stab-Allegro-Eiche-Trend_Parallelverband-2048x1344.jpg 2048w\" sizes=\"(max-width: 300px) 100vw, 300px\" \/>\t\t\t\t\t\t\t\t\t\t\t\t\t\t\t<\/div>\n\t\t\t\t<\/div>\n\t\t\t\t\t<\/div>\n\t\t<\/div>\n\t\t\t\t<div class=\"elementor-column elementor-col-66 elementor-top-column elementor-element elementor-element-1bab2bc\" data-id=\"1bab2bc\" data-element_type=\"column\" data-e-type=\"column\">\n\t\t\t<div class=\"elementor-widget-wrap elementor-element-populated\">\n\t\t\t\t\t\t<div class=\"elementor-element elementor-element-cf704cf elementor-widget elementor-widget-text-editor\" data-id=\"cf704cf\" data-element_type=\"widget\" data-e-type=\"widget\" data-widget_type=\"text-editor.default\">\n\t\t\t\t<div class=\"elementor-widget-container\">\n\t\t\t\t\t\t\t\t\t<div><p><b>Parallelverband:<\/b>\u00a0<\/p><\/div><div><p>die Parkettst\u00e4be\u00a0liegen\u00a0auf gleicher H\u00f6he, ohne unterbrochen zu werden. Das Verlegemuster eignet sich auch, mehrere Holzarten innerhalb einer Fl\u00e4che zu kombinieren.<\/p><\/div>\t\t\t\t\t\t\t\t<\/div>\n\t\t\t\t<\/div>\n\t\t\t\t\t<\/div>\n\t\t<\/div>\n\t\t\t\t\t<\/div>\n\t\t<\/section>\n\t\t\t\t<section class=\"elementor-section elementor-top-section elementor-element elementor-element-fc62288 elementor-section-boxed elementor-section-height-default elementor-section-height-default\" data-id=\"fc62288\" data-element_type=\"section\" data-e-type=\"section\">\n\t\t\t\t\t\t<div class=\"elementor-container elementor-column-gap-default\">\n\t\t\t\t\t<div class=\"elementor-column elementor-col-100 elementor-top-column elementor-element elementor-element-f192484\" data-id=\"f192484\" data-element_type=\"column\" data-e-type=\"column\">\n\t\t\t<div class=\"elementor-widget-wrap elementor-element-populated\">\n\t\t\t\t\t\t<div class=\"elementor-element elementor-element-1d0b96e elementor-widget-divider--view-line elementor-widget elementor-widget-divider\" data-id=\"1d0b96e\" data-element_type=\"widget\" data-e-type=\"widget\" data-widget_type=\"divider.default\">\n\t\t\t\t<div class=\"elementor-widget-container\">\n\t\t\t\t\t\t\t<div class=\"elementor-divider\">\n\t\t\t<span class=\"elementor-divider-separator\">\n\t\t\t\t\t\t<\/span>\n\t\t<\/div>\n\t\t\t\t\t\t<\/div>\n\t\t\t\t<\/div>\n\t\t\t\t\t<\/div>\n\t\t<\/div>\n\t\t\t\t\t<\/div>\n\t\t<\/section>\n\t\t\t\t<section class=\"elementor-section elementor-top-section elementor-element elementor-element-4b3edde elementor-section-boxed elementor-section-height-default elementor-section-height-default\" data-id=\"4b3edde\" data-element_type=\"section\" data-e-type=\"section\">\n\t\t\t\t\t\t<div class=\"elementor-container elementor-column-gap-default\">\n\t\t\t\t\t<div class=\"elementor-column elementor-col-66 elementor-top-column elementor-element elementor-element-159dae2\" data-id=\"159dae2\" data-element_type=\"column\" data-e-type=\"column\">\n\t\t\t<div class=\"elementor-widget-wrap elementor-element-populated\">\n\t\t\t\t\t\t<div class=\"elementor-element elementor-element-805d0c2 elementor-widget elementor-widget-text-editor\" data-id=\"805d0c2\" data-element_type=\"widget\" data-e-type=\"widget\" data-widget_type=\"text-editor.default\">\n\t\t\t\t<div class=\"elementor-widget-container\">\n\t\t\t\t\t\t\t\t\t<div><p><strong>Englischerverband:<\/strong><\/p><\/div><p>Die St\u00e4be liegen um einen halben Stab versetzt. Als abwechslungsreiche Variante kann man den Verband auch diagonal im Raum verlegen lassen<\/p>\t\t\t\t\t\t\t\t<\/div>\n\t\t\t\t<\/div>\n\t\t\t\t\t<\/div>\n\t\t<\/div>\n\t\t\t\t<div class=\"elementor-column elementor-col-33 elementor-top-column elementor-element elementor-element-25da202\" data-id=\"25da202\" data-element_type=\"column\" data-e-type=\"column\">\n\t\t\t<div class=\"elementor-widget-wrap elementor-element-populated\">\n\t\t\t\t\t\t<div class=\"elementor-element elementor-element-4f6b9a6 elementor-widget elementor-widget-image\" data-id=\"4f6b9a6\" data-element_type=\"widget\" data-e-type=\"widget\" data-widget_type=\"image.default\">\n\t\t\t\t<div class=\"elementor-widget-container\">\n\t\t\t\t\t\t\t\t\t\t\t\t\t\t\t<img decoding=\"async\" width=\"300\" height=\"197\" src=\"https:\/\/parkettebibi.ch\/wp-content\/uploads\/2021\/04\/531958_PA_Stab-Allegro-Eiche-Trend-Englischer-Verband_02-300x197.jpg\" class=\"attachment-medium size-medium wp-image-251\" alt=\"\" srcset=\"https:\/\/parkettebibi.ch\/wp-content\/uploads\/2021\/04\/531958_PA_Stab-Allegro-Eiche-Trend-Englischer-Verband_02-300x197.jpg 300w, https:\/\/parkettebibi.ch\/wp-content\/uploads\/2021\/04\/531958_PA_Stab-Allegro-Eiche-Trend-Englischer-Verband_02-1024x672.jpg 1024w, https:\/\/parkettebibi.ch\/wp-content\/uploads\/2021\/04\/531958_PA_Stab-Allegro-Eiche-Trend-Englischer-Verband_02-768x504.jpg 768w, https:\/\/parkettebibi.ch\/wp-content\/uploads\/2021\/04\/531958_PA_Stab-Allegro-Eiche-Trend-Englischer-Verband_02-1536x1008.jpg 1536w, https:\/\/parkettebibi.ch\/wp-content\/uploads\/2021\/04\/531958_PA_Stab-Allegro-Eiche-Trend-Englischer-Verband_02-2048x1344.jpg 2048w\" sizes=\"(max-width: 300px) 100vw, 300px\" \/>\t\t\t\t\t\t\t\t\t\t\t\t\t\t\t<\/div>\n\t\t\t\t<\/div>\n\t\t\t\t\t<\/div>\n\t\t<\/div>\n\t\t\t\t\t<\/div>\n\t\t<\/section>\n\t\t\t\t<section class=\"elementor-section elementor-top-section elementor-element elementor-element-0ff9cfb elementor-section-boxed elementor-section-height-default elementor-section-height-default\" data-id=\"0ff9cfb\" data-element_type=\"section\" data-e-type=\"section\">\n\t\t\t\t\t\t<div class=\"elementor-container elementor-column-gap-default\">\n\t\t\t\t\t<div class=\"elementor-column elementor-col-100 elementor-top-column elementor-element elementor-element-f572b02\" data-id=\"f572b02\" data-element_type=\"column\" data-e-type=\"column\">\n\t\t\t<div class=\"elementor-widget-wrap elementor-element-populated\">\n\t\t\t\t\t\t<div class=\"elementor-element elementor-element-04815e6 elementor-widget-divider--view-line elementor-widget elementor-widget-divider\" data-id=\"04815e6\" data-element_type=\"widget\" data-e-type=\"widget\" data-widget_type=\"divider.default\">\n\t\t\t\t<div class=\"elementor-widget-container\">\n\t\t\t\t\t\t\t<div class=\"elementor-divider\">\n\t\t\t<span class=\"elementor-divider-separator\">\n\t\t\t\t\t\t<\/span>\n\t\t<\/div>\n\t\t\t\t\t\t<\/div>\n\t\t\t\t<\/div>\n\t\t\t\t\t<\/div>\n\t\t<\/div>\n\t\t\t\t\t<\/div>\n\t\t<\/section>\n\t\t\t\t<section class=\"elementor-section elementor-top-section elementor-element elementor-element-8708243 elementor-section-boxed elementor-section-height-default elementor-section-height-default\" data-id=\"8708243\" data-element_type=\"section\" data-e-type=\"section\">\n\t\t\t\t\t\t<div class=\"elementor-container elementor-column-gap-default\">\n\t\t\t\t\t<div class=\"elementor-column elementor-col-33 elementor-top-column elementor-element elementor-element-f056dd0\" data-id=\"f056dd0\" data-element_type=\"column\" data-e-type=\"column\">\n\t\t\t<div class=\"elementor-widget-wrap elementor-element-populated\">\n\t\t\t\t\t\t<div class=\"elementor-element elementor-element-14ab6cd elementor-widget elementor-widget-image\" data-id=\"14ab6cd\" data-element_type=\"widget\" data-e-type=\"widget\" data-widget_type=\"image.default\">\n\t\t\t\t<div class=\"elementor-widget-container\">\n\t\t\t\t\t\t\t\t\t\t\t\t\t\t\t<img loading=\"lazy\" decoding=\"async\" width=\"300\" height=\"197\" src=\"https:\/\/parkettebibi.ch\/wp-content\/uploads\/2021\/04\/531958_PA_Stab-Allegro-Eiche-Trend-Fischgraet_01-300x197.jpg\" class=\"attachment-medium size-medium wp-image-252\" alt=\"\" srcset=\"https:\/\/parkettebibi.ch\/wp-content\/uploads\/2021\/04\/531958_PA_Stab-Allegro-Eiche-Trend-Fischgraet_01-300x197.jpg 300w, https:\/\/parkettebibi.ch\/wp-content\/uploads\/2021\/04\/531958_PA_Stab-Allegro-Eiche-Trend-Fischgraet_01-1024x672.jpg 1024w, https:\/\/parkettebibi.ch\/wp-content\/uploads\/2021\/04\/531958_PA_Stab-Allegro-Eiche-Trend-Fischgraet_01-768x504.jpg 768w, https:\/\/parkettebibi.ch\/wp-content\/uploads\/2021\/04\/531958_PA_Stab-Allegro-Eiche-Trend-Fischgraet_01-1536x1008.jpg 1536w, https:\/\/parkettebibi.ch\/wp-content\/uploads\/2021\/04\/531958_PA_Stab-Allegro-Eiche-Trend-Fischgraet_01-2048x1344.jpg 2048w\" sizes=\"(max-width: 300px) 100vw, 300px\" \/>\t\t\t\t\t\t\t\t\t\t\t\t\t\t\t<\/div>\n\t\t\t\t<\/div>\n\t\t\t\t\t<\/div>\n\t\t<\/div>\n\t\t\t\t<div class=\"elementor-column elementor-col-66 elementor-top-column elementor-element elementor-element-4b90a00\" data-id=\"4b90a00\" data-element_type=\"column\" data-e-type=\"column\">\n\t\t\t<div class=\"elementor-widget-wrap elementor-element-populated\">\n\t\t\t\t\t\t<div class=\"elementor-element elementor-element-bfb6671 elementor-widget elementor-widget-text-editor\" data-id=\"bfb6671\" data-element_type=\"widget\" data-e-type=\"widget\" data-widget_type=\"text-editor.default\">\n\t\t\t\t<div class=\"elementor-widget-container\">\n\t\t\t\t\t\t\t\t\t<div><p><b>Fischgr\u00e4tmuster<\/b>\u00a0:<\/p><\/div><div><p>ist schon sehr lange im Trend. Man verlegt die Parkettst\u00e4be im rechten Winkel zueinander, sodass sie ein V ergeben.<\/p><\/div>\t\t\t\t\t\t\t\t<\/div>\n\t\t\t\t<\/div>\n\t\t\t\t\t<\/div>\n\t\t<\/div>\n\t\t\t\t\t<\/div>\n\t\t<\/section>\n\t\t\t\t<section class=\"elementor-section elementor-top-section elementor-element elementor-element-9c42652 elementor-section-boxed elementor-section-height-default elementor-section-height-default\" data-id=\"9c42652\" data-element_type=\"section\" data-e-type=\"section\">\n\t\t\t\t\t\t<div class=\"elementor-container elementor-column-gap-default\">\n\t\t\t\t\t<div class=\"elementor-column elementor-col-100 elementor-top-column elementor-element elementor-element-6843c0a\" data-id=\"6843c0a\" data-element_type=\"column\" data-e-type=\"column\">\n\t\t\t<div class=\"elementor-widget-wrap elementor-element-populated\">\n\t\t\t\t\t\t<div class=\"elementor-element elementor-element-404f3ff elementor-widget-divider--view-line elementor-widget elementor-widget-divider\" data-id=\"404f3ff\" data-element_type=\"widget\" data-e-type=\"widget\" data-widget_type=\"divider.default\">\n\t\t\t\t<div class=\"elementor-widget-container\">\n\t\t\t\t\t\t\t<div class=\"elementor-divider\">\n\t\t\t<span class=\"elementor-divider-separator\">\n\t\t\t\t\t\t<\/span>\n\t\t<\/div>\n\t\t\t\t\t\t<\/div>\n\t\t\t\t<\/div>\n\t\t\t\t\t<\/div>\n\t\t<\/div>\n\t\t\t\t\t<\/div>\n\t\t<\/section>\n\t\t\t\t<section class=\"elementor-section elementor-top-section elementor-element elementor-element-24dd75a elementor-section-boxed elementor-section-height-default elementor-section-height-default\" data-id=\"24dd75a\" data-element_type=\"section\" data-e-type=\"section\">\n\t\t\t\t\t\t<div class=\"elementor-container elementor-column-gap-default\">\n\t\t\t\t\t<div class=\"elementor-column elementor-col-100 elementor-top-column elementor-element elementor-element-a071e5f\" data-id=\"a071e5f\" data-element_type=\"column\" data-e-type=\"column\">\n\t\t\t<div class=\"elementor-widget-wrap elementor-element-populated\">\n\t\t\t\t\t\t<div class=\"elementor-element elementor-element-a8b118c elementor-widget elementor-widget-text-editor\" data-id=\"a8b118c\" data-element_type=\"widget\" data-e-type=\"widget\" data-widget_type=\"text-editor.default\">\n\t\t\t\t<div class=\"elementor-widget-container\">\n\t\t\t\t\t\t\t\t\t<div style=\"text-align: right;\"><em><strong><span lang=\"EN-US\">Quelle\u00a9 Hamberger Flooring GmbH&amp;Co.KG\/HARO<\/span><\/strong><\/em><\/div>\t\t\t\t\t\t\t\t<\/div>\n\t\t\t\t<\/div>\n\t\t\t\t\t<\/div>\n\t\t<\/div>\n\t\t\t\t\t<\/div>\n\t\t<\/section>\n\t\t\t\t<\/div>\n\t\t","protected":false},"excerpt":{"rendered":"<p>Entscheiden Sie die \u00c4sthetik des Holzfussboden Das\u00a0W\u00fcrfel-Muster\u00a0bezeichnet man auch als W\u00fcrfelverband oder Tafelmuster. Man f\u00fcgt zun\u00e4chst mehrere Parkettst\u00e4be zu Quadraten zusammen, diese verlegt man waagerecht und senkrecht, immer abwechselnd. Auch hier bietet sich die Verwendung verschiedener Holzarten an. Parallelverband:\u00a0 die Parkettst\u00e4be\u00a0liegen\u00a0auf gleicher H\u00f6he, ohne unterbrochen zu werden. Das Verlegemuster eignet sich auch, mehrere Holzarten innerhalb [&hellip;]<\/p>\n","protected":false},"author":1,"featured_media":0,"parent":0,"menu_order":0,"comment_status":"closed","ping_status":"closed","template":"","meta":{"site-sidebar-layout":"no-sidebar","site-content-layout":"page-builder","ast-site-content-layout":"default","site-content-style":"default","site-sidebar-style":"default","ast-global-header-display":"","ast-banner-title-visibility":"","ast-main-header-display":"","ast-hfb-above-header-display":"","ast-hfb-below-header-display":"","ast-hfb-mobile-header-display":"","site-post-title":"disabled","ast-breadcrumbs-content":"","ast-featured-img":"disabled","footer-sml-layout":"","ast-disable-related-posts":"","theme-transparent-header-meta":"default","adv-header-id-meta":"","stick-header-meta":"","header-above-stick-meta":"","header-main-stick-meta":"","header-below-stick-meta":"","astra-migrate-meta-layouts":"default","ast-page-background-enabled":"default","ast-page-background-meta":{"desktop":{"background-color":"","background-image":"","background-repeat":"repeat","background-position":"center center","background-size":"auto","background-attachment":"scroll","background-type":"","background-media":"","overlay-type":"","overlay-color":"","overlay-opacity":"","overlay-gradient":""},"tablet":{"background-color":"","background-image":"","background-repeat":"repeat","background-position":"center center","background-size":"auto","background-attachment":"scroll","background-type":"","background-media":"","overlay-type":"","overlay-color":"","overlay-opacity":"","overlay-gradient":""},"mobile":{"background-color":"","background-image":"","background-repeat":"repeat","background-position":"center center","background-size":"auto","background-attachment":"scroll","background-type":"","background-media":"","overlay-type":"","overlay-color":"","overlay-opacity":"","overlay-gradient":""}},"ast-content-background-meta":{"desktop":{"background-color":"var(--ast-global-color-5)","background-image":"","background-repeat":"repeat","background-position":"center center","background-size":"auto","background-attachment":"scroll","background-type":"","background-media":"","overlay-type":"","overlay-color":"","overlay-opacity":"","overlay-gradient":""},"tablet":{"background-color":"var(--ast-global-color-5)","background-image":"","background-repeat":"repeat","background-position":"center center","background-size":"auto","background-attachment":"scroll","background-type":"","background-media":"","overlay-type":"","overlay-color":"","overlay-opacity":"","overlay-gradient":""},"mobile":{"background-color":"var(--ast-global-color-5)","background-image":"","background-repeat":"repeat","background-position":"center center","background-size":"auto","background-attachment":"scroll","background-type":"","background-media":"","overlay-type":"","overlay-color":"","overlay-opacity":"","overlay-gradient":""}},"footnotes":""},"class_list":["post-91","page","type-page","status-publish","hentry"],"_links":{"self":[{"href":"https:\/\/parkettebibi.ch\/index.php\/wp-json\/wp\/v2\/pages\/91","targetHints":{"allow":["GET"]}}],"collection":[{"href":"https:\/\/parkettebibi.ch\/index.php\/wp-json\/wp\/v2\/pages"}],"about":[{"href":"https:\/\/parkettebibi.ch\/index.php\/wp-json\/wp\/v2\/types\/page"}],"author":[{"embeddable":true,"href":"https:\/\/parkettebibi.ch\/index.php\/wp-json\/wp\/v2\/users\/1"}],"replies":[{"embeddable":true,"href":"https:\/\/parkettebibi.ch\/index.php\/wp-json\/wp\/v2\/comments?post=91"}],"version-history":[{"count":16,"href":"https:\/\/parkettebibi.ch\/index.php\/wp-json\/wp\/v2\/pages\/91\/revisions"}],"predecessor-version":[{"id":410,"href":"https:\/\/parkettebibi.ch\/index.php\/wp-json\/wp\/v2\/pages\/91\/revisions\/410"}],"wp:attachment":[{"href":"https:\/\/parkettebibi.ch\/index.php\/wp-json\/wp\/v2\/media?parent=91"}],"curies":[{"name":"wp","href":"https:\/\/api.w.org\/{rel}","templated":true}]}}